{"id":512,"date":"2022-10-11T10:31:46","date_gmt":"2022-10-11T08:31:46","guid":{"rendered":"http:\/\/www.laghimontibikeinterreg.it\/?page_id=512"},"modified":"2022-12-07T14:52:02","modified_gmt":"2022-12-07T13:52:02","slug":"wer-wir-sind","status":"publish","type":"page","link":"http:\/\/www.laghimontibikeinterreg.it\/de\/wer-wir-sind\/","title":{"rendered":"Wer wir sind"},"content":{"rendered":"<p>Das Projekt konnte dank der partizipativen Planungsaktivit\u00e4t, die 2016 von den Regionen Piemont und Lombardei zur F\u00f6rderung des Fahrradtourismus im Gebiet der Maggiore-Orta-Varese See organisiert wurde, leicht verbreitet werden. Diese Konzertiert Planunst\u00e4tigkeit wurde auch nach Abschluss der Arbeiten fortgesetzt, dank des Interesses des Distretto dei Laghi und der Salite del VCO, einem Komitee, das einige Radsportverb\u00e4nde Insubriens zusammenstellt. Drei weitere Treffen wurden organisiert (im Verbano, im Ossola und im Cusio\/Nord-Novara-Gebiet), an denen die VCO-Provinz, die Parkverwaltungen (Aree Protette Ossola e Parco Nazionale Valgrande), das FIAB von Novara (Ansprechpartner f\u00fcr das VCO-Gebiet), die Radsportverb\u00e4nde, das \u00d6komuseum des Lago d&#8217;Orta, das Lago Maggiore Holiday Consortium, die Fahrradgesch\u00e4fte, die Betreiber von San Domenico Ski (Seilbahnen, die einen Bikepark betreiben), VCO Trasporti, Fahrrad- und MTB-F\u00fchrer, Unternehmen, die Fahrr\u00e4der vermieten, teilgenommen haben.<br \/>\nEine \u00e4hnliche Route wurde auf der Tessiner Seite von der OTR Bellinzona und Alto Ticino unter Beteiligung des Verbandes Blenio Bike, Sportgesch\u00e4ften, Mountainbike-Guides, Skigebieten Nara und Airolo, Restaurants, H\u00fctten und Hotels, die Bike Stop order Bike Stop B anbieten, durchgef\u00fchrt.<\/p>\n","protected":false},"excerpt":{"rendered":"<p>Das Projekt konnte dank der partizipativen Planungsaktivit\u00e4t, die 2016 von den Regionen Piemont und Lombardei zur F\u00f6rderung des Fahrradtourismus im Gebiet der Maggiore-Orta-Varese See organisiert wurde, leicht verbreitet werden. Diese Konzertiert Planunst\u00e4tigkeit wurde auch nach Abschluss der Arbeiten fortgesetzt, dank des Interesses des Distretto dei Laghi und der Salite del VCO, einem Komitee, das einige &hellip; <a href=\"http:\/\/www.laghimontibikeinterreg.it\/de\/wer-wir-sind\/\">Weiter<\/a><\/p>\n","protected":false},"author":1,"featured_media":358,"parent":0,"menu_order":0,"comment_status":"closed","ping_status":"closed","template":"template-about.php","meta":[],"acf":[],"yoast_head":"<!-- This site is optimized with the Yoast SEO plugin v20.4 - https:\/\/yoast.com\/wordpress\/plugins\/seo\/ -->\n<title>Wer wir sind - Interreg<\/title>\n<meta name=\"description\" content=\"Das Projekt konnte dank der partizipativen Planungsaktivit\u00e4t, die 2016 von den Regionen Piemont und Lombardei zur F\u00f6rderung des Fahrradtourismus im Gebiet der Maggiore-Orta-Varese See organisiert wurde, leicht verbreitet werden.\" \/>\n<meta name=\"robots\" content=\"index, follow, max-snippet:-1, max-image-preview:large, max-video-preview:-1\" \/>\n<link rel=\"canonical\" href=\"http:\/\/www.laghimontibikeinterreg.it\/de\/wer-wir-sind\/\" \/>\n<meta property=\"og:locale\" content=\"de_DE\" \/>\n<meta property=\"og:type\" content=\"article\" \/>\n<meta property=\"og:title\" content=\"Wer wir sind\" \/>\n<meta property=\"og:description\" content=\"Das Projekt konnte dank der partizipativen Planungsaktivit\u00e4t, die 2016 von den Regionen Piemont und Lombardei zur F\u00f6rderung des Fahrradtourismus im Gebiet der Maggiore-Orta-Varese See organisiert wurde, leicht verbreitet werden.\" \/>\n<meta property=\"og:url\" content=\"http:\/\/www.laghimontibikeinterreg.it\/de\/wer-wir-sind\/\" \/>\n<meta property=\"og:site_name\" content=\"Interreg\" \/>\n<meta property=\"article:modified_time\" content=\"2022-12-07T13:52:02+00:00\" \/>\n<meta property=\"og:image\" content=\"http:\/\/www.laghimontibikeinterreg.it\/wp-content\/uploads\/2022\/10\/210503_sartori_00177_mod-chisiamo.jpg\" \/>\n\t<meta property=\"og:image:width\" content=\"2000\" \/>\n\t<meta property=\"og:image:height\" content=\"1500\" \/>\n\t<meta property=\"og:image:type\" content=\"image\/jpeg\" \/>\n<meta name=\"twitter:card\" content=\"summary_large_image\" \/>\n<meta name=\"twitter:title\" content=\"Wer wir sind\" \/>\n<meta name=\"twitter:description\" content=\"Das Projekt konnte dank der partizipativen Planungsaktivit\u00e4t, die 2016 von den Regionen Piemont und Lombardei zur F\u00f6rderung des Fahrradtourismus im Gebiet der Maggiore-Orta-Varese See organisiert wurde, leicht verbreitet werden.\" \/>\n<meta name=\"twitter:image\" content=\"http:\/\/www.laghimontibikeinterreg.it\/wp-content\/uploads\/2022\/10\/210503_sartori_00177_mod-chisiamo.jpg\" \/>\n<meta name=\"twitter:label1\" content=\"Gesch\u00e4tzte Lesezeit\" \/>\n\t<meta name=\"twitter:data1\" content=\"1 Minute\" \/>\n<script type=\"application\/ld+json\" class=\"yoast-schema-graph\">{\"@context\":\"https:\/\/schema.org\",\"@graph\":[{\"@type\":\"WebPage\",\"@id\":\"http:\/\/www.laghimontibikeinterreg.it\/de\/wer-wir-sind\/\",\"url\":\"http:\/\/www.laghimontibikeinterreg.it\/de\/wer-wir-sind\/\",\"name\":\"Wer wir sind - Interreg\",\"isPartOf\":{\"@id\":\"http:\/\/www.laghimontibikeinterreg.it\/de\/#website\"},\"datePublished\":\"2022-10-11T08:31:46+00:00\",\"dateModified\":\"2022-12-07T13:52:02+00:00\",\"description\":\"Das Projekt konnte dank der partizipativen Planungsaktivit\u00e4t, die 2016 von den Regionen Piemont und Lombardei zur F\u00f6rderung des Fahrradtourismus im Gebiet der Maggiore-Orta-Varese See organisiert wurde, leicht verbreitet werden.\",\"inLanguage\":\"de-DE\",\"potentialAction\":[{\"@type\":\"ReadAction\",\"target\":[\"http:\/\/www.laghimontibikeinterreg.it\/de\/wer-wir-sind\/\"]}]},{\"@type\":\"WebSite\",\"@id\":\"http:\/\/www.laghimontibikeinterreg.it\/de\/#website\",\"url\":\"http:\/\/www.laghimontibikeinterreg.it\/de\/\",\"name\":\"Interreg\",\"description\":\"\",\"potentialAction\":[{\"@type\":\"SearchAction\",\"target\":{\"@type\":\"EntryPoint\",\"urlTemplate\":\"http:\/\/www.laghimontibikeinterreg.it\/de\/?s={search_term_string}\"},\"query-input\":\"required name=search_term_string\"}],\"inLanguage\":\"de-DE\"}]}<\/script>\n<!-- \/ Yoast SEO plugin. -->","yoast_head_json":{"title":"Wer wir sind - Interreg","description":"Das Projekt konnte dank der partizipativen Planungsaktivit\u00e4t, die 2016 von den Regionen Piemont und Lombardei zur F\u00f6rderung des Fahrradtourismus im Gebiet der Maggiore-Orta-Varese See organisiert wurde, leicht verbreitet werden.","robots":{"index":"index","follow":"follow","max-snippet":"max-snippet:-1","max-image-preview":"max-image-preview:large","max-video-preview":"max-video-preview:-1"},"canonical":"http:\/\/www.laghimontibikeinterreg.it\/de\/wer-wir-sind\/","og_locale":"de_DE","og_type":"article","og_title":"Wer wir sind","og_description":"Das Projekt konnte dank der partizipativen Planungsaktivit\u00e4t, die 2016 von den Regionen Piemont und Lombardei zur F\u00f6rderung des Fahrradtourismus im Gebiet der Maggiore-Orta-Varese See organisiert wurde, leicht verbreitet werden.","og_url":"http:\/\/www.laghimontibikeinterreg.it\/de\/wer-wir-sind\/","og_site_name":"Interreg","article_modified_time":"2022-12-07T13:52:02+00:00","og_image":[{"width":2000,"height":1500,"url":"http:\/\/www.laghimontibikeinterreg.it\/wp-content\/uploads\/2022\/10\/210503_sartori_00177_mod-chisiamo.jpg","type":"image\/jpeg"}],"twitter_card":"summary_large_image","twitter_title":"Wer wir sind","twitter_description":"Das Projekt konnte dank der partizipativen Planungsaktivit\u00e4t, die 2016 von den Regionen Piemont und Lombardei zur F\u00f6rderung des Fahrradtourismus im Gebiet der Maggiore-Orta-Varese See organisiert wurde, leicht verbreitet werden.","twitter_image":"http:\/\/www.laghimontibikeinterreg.it\/wp-content\/uploads\/2022\/10\/210503_sartori_00177_mod-chisiamo.jpg","twitter_misc":{"Gesch\u00e4tzte Lesezeit":"1 Minute"},"schema":{"@context":"https:\/\/schema.org","@graph":[{"@type":"WebPage","@id":"http:\/\/www.laghimontibikeinterreg.it\/de\/wer-wir-sind\/","url":"http:\/\/www.laghimontibikeinterreg.it\/de\/wer-wir-sind\/","name":"Wer wir sind - Interreg","isPartOf":{"@id":"http:\/\/www.laghimontibikeinterreg.it\/de\/#website"},"datePublished":"2022-10-11T08:31:46+00:00","dateModified":"2022-12-07T13:52:02+00:00","description":"Das Projekt konnte dank der partizipativen Planungsaktivit\u00e4t, die 2016 von den Regionen Piemont und Lombardei zur F\u00f6rderung des Fahrradtourismus im Gebiet der Maggiore-Orta-Varese See organisiert wurde, leicht verbreitet werden.","inLanguage":"de-DE","potentialAction":[{"@type":"ReadAction","target":["http:\/\/www.laghimontibikeinterreg.it\/de\/wer-wir-sind\/"]}]},{"@type":"WebSite","@id":"http:\/\/www.laghimontibikeinterreg.it\/de\/#website","url":"http:\/\/www.laghimontibikeinterreg.it\/de\/","name":"Interreg","description":"","potentialAction":[{"@type":"SearchAction","target":{"@type":"EntryPoint","urlTemplate":"http:\/\/www.laghimontibikeinterreg.it\/de\/?s={search_term_string}"},"query-input":"required name=search_term_string"}],"inLanguage":"de-DE"}]}},"_links":{"self":[{"href":"http:\/\/www.laghimontibikeinterreg.it\/de\/wp-json\/wp\/v2\/pages\/512"}],"collection":[{"href":"http:\/\/www.laghimontibikeinterreg.it\/de\/wp-json\/wp\/v2\/pages"}],"about":[{"href":"http:\/\/www.laghimontibikeinterreg.it\/de\/wp-json\/wp\/v2\/types\/page"}],"author":[{"embeddable":true,"href":"http:\/\/www.laghimontibikeinterreg.it\/de\/wp-json\/wp\/v2\/users\/1"}],"replies":[{"embeddable":true,"href":"http:\/\/www.laghimontibikeinterreg.it\/de\/wp-json\/wp\/v2\/comments?post=512"}],"version-history":[{"count":5,"href":"http:\/\/www.laghimontibikeinterreg.it\/de\/wp-json\/wp\/v2\/pages\/512\/revisions"}],"predecessor-version":[{"id":548,"href":"http:\/\/www.laghimontibikeinterreg.it\/de\/wp-json\/wp\/v2\/pages\/512\/revisions\/548"}],"wp:featuredmedia":[{"embeddable":true,"href":"http:\/\/www.laghimontibikeinterreg.it\/de\/wp-json\/wp\/v2\/media\/358"}],"wp:attachment":[{"href":"http:\/\/www.laghimontibikeinterreg.it\/de\/wp-json\/wp\/v2\/media?parent=512"}],"curies":[{"name":"wp","href":"https:\/\/api.w.org\/{rel}","templated":true}]}}