{"id":502,"date":"2022-10-11T10:31:18","date_gmt":"2022-10-11T08:31:18","guid":{"rendered":"http:\/\/www.laghimontibikeinterreg.it\/?page_id=502"},"modified":"2022-12-07T16:45:52","modified_gmt":"2022-12-07T15:45:52","slug":"das-projekt","status":"publish","type":"page","link":"http:\/\/www.laghimontibikeinterreg.it\/de\/das-projekt\/","title":{"rendered":"Das projekt"},"content":{"rendered":"<p>Der San Giacomo-Pass hat einen starken symbolischen Wert f\u00fcr das Gebiet, in dem er sich befindet, und kann als Nabelschnur eines intensiven kulturellen und kommerziellen Austauschs zwischen den beiden Regionen betrachtet werden. Heute umso mehr wenn es um Freizeit und Sports geht.<br \/>\nUnser Projekt beinhaltet den Bau eines Haltepunkts f\u00fcr Radfahrer mit einigen Betten, die als St\u00fctze auf einem Wanderweg dienen werden, der mit dem Ausbau des Radwegs noch beliebter werden wird.<br \/>\nDer neue Radweg entspricht dem fehlenden Glied einer Strecke, die von Airolo am Fu\u00dfe des Gotthardpasses bis zum Lago Maggiore f\u00fchrt, von wo aus sich zahlreiche weitere Verbindungen er\u00f6ffnen k\u00f6nnen. Die Route ist auf rund achtzig Kilometern ausgeschildert und schl\u00e4ngelt sich im italienischen Teil von Formazza entlang des Antigorio-Tals bis nach Domodossola. Au\u00dferdem werden drei\u00dfig E-Bikes angeschafft und Auflade- und Lieferstellen f\u00fcr die Mietfahrzeuge eingerichtet.<\/p>\n","protected":false},"excerpt":{"rendered":"<p>Der San Giacomo-Pass hat einen starken symbolischen Wert f\u00fcr das Gebiet, in dem er sich befindet, und kann als Nabelschnur eines intensiven kulturellen und kommerziellen Austauschs zwischen den beiden Regionen betrachtet werden. Heute umso mehr wenn es um Freizeit und Sports geht. Unser Projekt beinhaltet den Bau eines Haltepunkts f\u00fcr Radfahrer mit einigen Betten, die &hellip; <a href=\"http:\/\/www.laghimontibikeinterreg.it\/de\/das-projekt\/\">Weiter<\/a><\/p>\n","protected":false},"author":1,"featured_media":368,"parent":0,"menu_order":0,"comment_status":"closed","ping_status":"closed","template":"template-project.php","meta":[],"acf":[],"yoast_head":"<!-- This site is optimized with the Yoast SEO plugin v20.4 - https:\/\/yoast.com\/wordpress\/plugins\/seo\/ -->\n<title>Das projekt - Interreg<\/title>\n<meta name=\"description\" content=\"Der San Giacomo-Pass hat einen starken symbolischen Wert f\u00fcr das Gebiet, in dem er sich befindet, und kann als Nabelschnur eines intensiven kulturellen und kommerziellen Austauschs zwischen den beiden Regionen betrachtet werden.\" \/>\n<meta name=\"robots\" content=\"index, follow, max-snippet:-1, max-image-preview:large, max-video-preview:-1\" \/>\n<link rel=\"canonical\" href=\"http:\/\/www.laghimontibikeinterreg.it\/de\/das-projekt\/\" \/>\n<meta property=\"og:locale\" content=\"de_DE\" \/>\n<meta property=\"og:type\" content=\"article\" \/>\n<meta property=\"og:title\" content=\"Das projekt\" \/>\n<meta property=\"og:description\" content=\"Der San Giacomo-Pass hat einen starken symbolischen Wert f\u00fcr das Gebiet, in dem er sich befindet, und kann als Nabelschnur eines intensiven kulturellen und kommerziellen Austauschs zwischen den beiden Regionen betrachtet werden.\" \/>\n<meta property=\"og:url\" content=\"http:\/\/www.laghimontibikeinterreg.it\/de\/das-projekt\/\" \/>\n<meta property=\"og:site_name\" content=\"Interreg\" \/>\n<meta property=\"article:modified_time\" content=\"2022-12-07T15:45:52+00:00\" \/>\n<meta property=\"og:image\" content=\"http:\/\/www.laghimontibikeinterreg.it\/wp-content\/uploads\/2022\/10\/211010_sartori_3592_mod-progetto.jpg\" \/>\n\t<meta property=\"og:image:width\" content=\"2000\" \/>\n\t<meta property=\"og:image:height\" content=\"1333\" \/>\n\t<meta property=\"og:image:type\" content=\"image\/jpeg\" \/>\n<meta name=\"twitter:card\" content=\"summary_large_image\" \/>\n<meta name=\"twitter:title\" content=\"Das projekt\" \/>\n<meta name=\"twitter:description\" content=\"Der San Giacomo-Pass hat einen starken symbolischen Wert f\u00fcr das Gebiet, in dem er sich befindet, und kann als Nabelschnur eines intensiven kulturellen und kommerziellen Austauschs zwischen den beiden Regionen betrachtet werden.\" \/>\n<meta name=\"twitter:image\" content=\"http:\/\/www.laghimontibikeinterreg.it\/wp-content\/uploads\/2022\/10\/211010_sartori_3592_mod-progetto.jpg\" \/>\n<meta name=\"twitter:label1\" content=\"Gesch\u00e4tzte Lesezeit\" \/>\n\t<meta name=\"twitter:data1\" content=\"1 Minute\" \/>\n<script type=\"application\/ld+json\" class=\"yoast-schema-graph\">{\"@context\":\"https:\/\/schema.org\",\"@graph\":[{\"@type\":\"WebPage\",\"@id\":\"http:\/\/www.laghimontibikeinterreg.it\/de\/das-projekt\/\",\"url\":\"http:\/\/www.laghimontibikeinterreg.it\/de\/das-projekt\/\",\"name\":\"Das projekt - Interreg\",\"isPartOf\":{\"@id\":\"http:\/\/www.laghimontibikeinterreg.it\/de\/#website\"},\"datePublished\":\"2022-10-11T08:31:18+00:00\",\"dateModified\":\"2022-12-07T15:45:52+00:00\",\"description\":\"Der San Giacomo-Pass hat einen starken symbolischen Wert f\u00fcr das Gebiet, in dem er sich befindet, und kann als Nabelschnur eines intensiven kulturellen und kommerziellen Austauschs zwischen den beiden Regionen betrachtet werden.\",\"inLanguage\":\"de-DE\",\"potentialAction\":[{\"@type\":\"ReadAction\",\"target\":[\"http:\/\/www.laghimontibikeinterreg.it\/de\/das-projekt\/\"]}]},{\"@type\":\"WebSite\",\"@id\":\"http:\/\/www.laghimontibikeinterreg.it\/de\/#website\",\"url\":\"http:\/\/www.laghimontibikeinterreg.it\/de\/\",\"name\":\"Interreg\",\"description\":\"\",\"potentialAction\":[{\"@type\":\"SearchAction\",\"target\":{\"@type\":\"EntryPoint\",\"urlTemplate\":\"http:\/\/www.laghimontibikeinterreg.it\/de\/?s={search_term_string}\"},\"query-input\":\"required name=search_term_string\"}],\"inLanguage\":\"de-DE\"}]}<\/script>\n<!-- \/ Yoast SEO plugin. -->","yoast_head_json":{"title":"Das projekt - Interreg","description":"Der San Giacomo-Pass hat einen starken symbolischen Wert f\u00fcr das Gebiet, in dem er sich befindet, und kann als Nabelschnur eines intensiven kulturellen und kommerziellen Austauschs zwischen den beiden Regionen betrachtet werden.","robots":{"index":"index","follow":"follow","max-snippet":"max-snippet:-1","max-image-preview":"max-image-preview:large","max-video-preview":"max-video-preview:-1"},"canonical":"http:\/\/www.laghimontibikeinterreg.it\/de\/das-projekt\/","og_locale":"de_DE","og_type":"article","og_title":"Das projekt","og_description":"Der San Giacomo-Pass hat einen starken symbolischen Wert f\u00fcr das Gebiet, in dem er sich befindet, und kann als Nabelschnur eines intensiven kulturellen und kommerziellen Austauschs zwischen den beiden Regionen betrachtet werden.","og_url":"http:\/\/www.laghimontibikeinterreg.it\/de\/das-projekt\/","og_site_name":"Interreg","article_modified_time":"2022-12-07T15:45:52+00:00","og_image":[{"width":2000,"height":1333,"url":"http:\/\/www.laghimontibikeinterreg.it\/wp-content\/uploads\/2022\/10\/211010_sartori_3592_mod-progetto.jpg","type":"image\/jpeg"}],"twitter_card":"summary_large_image","twitter_title":"Das projekt","twitter_description":"Der San Giacomo-Pass hat einen starken symbolischen Wert f\u00fcr das Gebiet, in dem er sich befindet, und kann als Nabelschnur eines intensiven kulturellen und kommerziellen Austauschs zwischen den beiden Regionen betrachtet werden.","twitter_image":"http:\/\/www.laghimontibikeinterreg.it\/wp-content\/uploads\/2022\/10\/211010_sartori_3592_mod-progetto.jpg","twitter_misc":{"Gesch\u00e4tzte Lesezeit":"1 Minute"},"schema":{"@context":"https:\/\/schema.org","@graph":[{"@type":"WebPage","@id":"http:\/\/www.laghimontibikeinterreg.it\/de\/das-projekt\/","url":"http:\/\/www.laghimontibikeinterreg.it\/de\/das-projekt\/","name":"Das projekt - Interreg","isPartOf":{"@id":"http:\/\/www.laghimontibikeinterreg.it\/de\/#website"},"datePublished":"2022-10-11T08:31:18+00:00","dateModified":"2022-12-07T15:45:52+00:00","description":"Der San Giacomo-Pass hat einen starken symbolischen Wert f\u00fcr das Gebiet, in dem er sich befindet, und kann als Nabelschnur eines intensiven kulturellen und kommerziellen Austauschs zwischen den beiden Regionen betrachtet werden.","inLanguage":"de-DE","potentialAction":[{"@type":"ReadAction","target":["http:\/\/www.laghimontibikeinterreg.it\/de\/das-projekt\/"]}]},{"@type":"WebSite","@id":"http:\/\/www.laghimontibikeinterreg.it\/de\/#website","url":"http:\/\/www.laghimontibikeinterreg.it\/de\/","name":"Interreg","description":"","potentialAction":[{"@type":"SearchAction","target":{"@type":"EntryPoint","urlTemplate":"http:\/\/www.laghimontibikeinterreg.it\/de\/?s={search_term_string}"},"query-input":"required name=search_term_string"}],"inLanguage":"de-DE"}]}},"_links":{"self":[{"href":"http:\/\/www.laghimontibikeinterreg.it\/de\/wp-json\/wp\/v2\/pages\/502"}],"collection":[{"href":"http:\/\/www.laghimontibikeinterreg.it\/de\/wp-json\/wp\/v2\/pages"}],"about":[{"href":"http:\/\/www.laghimontibikeinterreg.it\/de\/wp-json\/wp\/v2\/types\/page"}],"author":[{"embeddable":true,"href":"http:\/\/www.laghimontibikeinterreg.it\/de\/wp-json\/wp\/v2\/users\/1"}],"replies":[{"embeddable":true,"href":"http:\/\/www.laghimontibikeinterreg.it\/de\/wp-json\/wp\/v2\/comments?post=502"}],"version-history":[{"count":7,"href":"http:\/\/www.laghimontibikeinterreg.it\/de\/wp-json\/wp\/v2\/pages\/502\/revisions"}],"predecessor-version":[{"id":571,"href":"http:\/\/www.laghimontibikeinterreg.it\/de\/wp-json\/wp\/v2\/pages\/502\/revisions\/571"}],"wp:featuredmedia":[{"embeddable":true,"href":"http:\/\/www.laghimontibikeinterreg.it\/de\/wp-json\/wp\/v2\/media\/368"}],"wp:attachment":[{"href":"http:\/\/www.laghimontibikeinterreg.it\/de\/wp-json\/wp\/v2\/media?parent=502"}],"curies":[{"name":"wp","href":"https:\/\/api.w.org\/{rel}","templated":true}]}}