{"id":491,"date":"2022-10-11T10:31:06","date_gmt":"2022-10-11T08:31:06","guid":{"rendered":"http:\/\/www.laghimontibikeinterreg.it\/?page_id=491"},"modified":"2022-12-12T11:07:39","modified_gmt":"2022-12-12T10:07:39","slug":"die-routen","status":"publish","type":"page","link":"http:\/\/www.laghimontibikeinterreg.it\/de\/die-routen\/","title":{"rendered":"Die routen"},"content":{"rendered":"<p>Ausgehend vom h\u00f6chsten Punkt, dem 2.300 Meter hohen Pass San Giacomo, gibt es viele Wege zu gehen:<br \/>\nIm Norden befindet sich das schweizerische Bedretto-Tal, das durch das Leventina-Tal nach Bellinzona, Piano di Magadino, Locarno und Verbano hinunterf\u00fchrt. Im S\u00fcden liegen Formazza, Antigorio, Ossola, der Mergozzo-See, das Schilfgebiet von Fondotoce und der herrliche Blick auf den Borrom\u00e4ischen Golf. In Verbania hingegen, am Ufer des Sees, f\u00fchrt der k\u00fcrzlich fertig gestellte Radweg durch das besondere Naturschutzgebiet Fondotoce.<br \/>\nHier kann man sich unter tausend M\u00f6glichkeiten inmitten eines der gr\u00f6\u00dften Schilfw\u00e4lder von Verbano wiederfinden. Ein Naturparadies, das zu jeder Jahreszeit den Blick auf den Borrom\u00e4ischen Golf und die Berge des Nationalparks Val Grande freigibt. Wenn man in den Hintergrund blickt, sieht man den immerw\u00e4hrenden Schnee der Pennine Mountains, die bis zu 4.000 Meter hoch sind.<br \/>\nVom Schilfdickicht f\u00fchrt die Stra\u00dfe hinauf ins Antigorio-Tal, wo das Schauspiel der Uriezzo-Schluchten Sie in Erstaunen versetzen wird. Es sind Canyons, die den Besucher in eine urspr\u00fcngliche Umgebung versetzen: glatte Felsen in gewundenen Pfaden, klare Wasserbecken, die sich mit Stromschnellen und Wasserf\u00e4llen abwechseln. Ein einzigartiges Gef\u00fchl, das man von Verampio di Crodo, Baceno oder Premia erreichen kann.<br \/>\nEine weitere abenteuerliche Route f\u00fchrt zu den Toce-Wasserf\u00e4llen. Der 143 Meter hohe Wasserfall im Formazza-Tal versetzte im 19. und 20. Jahrhundert Schriftsteller, K\u00fcnstler und Adlige in Erstaunen und trug ihm den Beinamen &#8222;der sch\u00f6nste und m\u00e4chtigste Wasserfall der Alpen&#8220; ein. In den Sommermonaten, wenn der Wasserzufluss am h\u00f6chsten ist, bildet die 60 Meter lange Felswand eine Wasserwand. Die H\u00f6he von 1.675 Metern zu erreichen und vom \u00fcberh\u00e4ngenden Aussichtspunkt aus in einer Dampfwolke inmitten des tosenden und wirbelnden Wassers nach drau\u00dfen zu blicken, geh\u00f6rt zu den Dingen, die man im Distretto dei Laghi mindestens einmal im Leben gemacht haben sollte.<\/p>\n","protected":false},"excerpt":{"rendered":"<p>Ausgehend vom h\u00f6chsten Punkt, dem 2.300 Meter hohen Pass San Giacomo, gibt es viele Wege zu gehen: Im Norden befindet sich das schweizerische Bedretto-Tal, das durch das Leventina-Tal nach Bellinzona, Piano di Magadino, Locarno und Verbano hinunterf\u00fchrt. Im S\u00fcden liegen Formazza, Antigorio, Ossola, der Mergozzo-See, das Schilfgebiet von Fondotoce und der herrliche Blick auf den &hellip; <a href=\"http:\/\/www.laghimontibikeinterreg.it\/de\/die-routen\/\">Weiter<\/a><\/p>\n","protected":false},"author":1,"featured_media":366,"parent":0,"menu_order":0,"comment_status":"closed","ping_status":"closed","template":"template-paths.php","meta":[],"acf":[],"yoast_head":"<!-- This site is optimized with the Yoast SEO plugin v20.4 - https:\/\/yoast.com\/wordpress\/plugins\/seo\/ -->\n<title>Die routen - Interreg<\/title>\n<meta name=\"description\" content=\"Ausgehend vom h\u00f6chsten Punkt, dem 2.300 Meter hohen Pass San Giacomo, gibt es viele Wege zu gehen\" \/>\n<meta name=\"robots\" content=\"index, follow, max-snippet:-1, max-image-preview:large, max-video-preview:-1\" \/>\n<link rel=\"canonical\" href=\"http:\/\/www.laghimontibikeinterreg.it\/de\/die-routen\/\" \/>\n<meta property=\"og:locale\" content=\"de_DE\" \/>\n<meta property=\"og:type\" content=\"article\" \/>\n<meta property=\"og:title\" content=\"Die routen\" \/>\n<meta property=\"og:description\" content=\"Ausgehend vom h\u00f6chsten Punkt, dem 2.300 Meter hohen Pass San Giacomo, gibt es viele Wege zu gehen\" \/>\n<meta property=\"og:url\" content=\"http:\/\/www.laghimontibikeinterreg.it\/de\/die-routen\/\" \/>\n<meta property=\"og:site_name\" content=\"Interreg\" \/>\n<meta property=\"article:modified_time\" content=\"2022-12-12T10:07:39+00:00\" \/>\n<meta property=\"og:image\" content=\"http:\/\/www.laghimontibikeinterreg.it\/wp-content\/uploads\/2022\/10\/211010_sartori_3243_mod-percorsi.jpg\" \/>\n\t<meta property=\"og:image:width\" content=\"2000\" \/>\n\t<meta property=\"og:image:height\" content=\"1333\" \/>\n\t<meta property=\"og:image:type\" content=\"image\/jpeg\" \/>\n<meta name=\"twitter:card\" content=\"summary_large_image\" \/>\n<meta name=\"twitter:title\" content=\"Die routen\" \/>\n<meta name=\"twitter:description\" content=\"Ausgehend vom h\u00f6chsten Punkt, dem 2.300 Meter hohen Pass San Giacomo, gibt es viele Wege zu gehen\" \/>\n<meta name=\"twitter:image\" content=\"http:\/\/www.laghimontibikeinterreg.it\/wp-content\/uploads\/2022\/10\/211010_sartori_3243_mod-percorsi.jpg\" \/>\n<meta name=\"twitter:label1\" content=\"Gesch\u00e4tzte Lesezeit\" \/>\n\t<meta name=\"twitter:data1\" content=\"2 Minuten\" \/>\n<script type=\"application\/ld+json\" class=\"yoast-schema-graph\">{\"@context\":\"https:\/\/schema.org\",\"@graph\":[{\"@type\":\"WebPage\",\"@id\":\"http:\/\/www.laghimontibikeinterreg.it\/de\/die-routen\/\",\"url\":\"http:\/\/www.laghimontibikeinterreg.it\/de\/die-routen\/\",\"name\":\"Die routen - Interreg\",\"isPartOf\":{\"@id\":\"http:\/\/www.laghimontibikeinterreg.it\/de\/#website\"},\"datePublished\":\"2022-10-11T08:31:06+00:00\",\"dateModified\":\"2022-12-12T10:07:39+00:00\",\"description\":\"Ausgehend vom h\u00f6chsten Punkt, dem 2.300 Meter hohen Pass San Giacomo, gibt es viele Wege zu gehen\",\"inLanguage\":\"de-DE\",\"potentialAction\":[{\"@type\":\"ReadAction\",\"target\":[\"http:\/\/www.laghimontibikeinterreg.it\/de\/die-routen\/\"]}]},{\"@type\":\"WebSite\",\"@id\":\"http:\/\/www.laghimontibikeinterreg.it\/de\/#website\",\"url\":\"http:\/\/www.laghimontibikeinterreg.it\/de\/\",\"name\":\"Interreg\",\"description\":\"\",\"potentialAction\":[{\"@type\":\"SearchAction\",\"target\":{\"@type\":\"EntryPoint\",\"urlTemplate\":\"http:\/\/www.laghimontibikeinterreg.it\/de\/?s={search_term_string}\"},\"query-input\":\"required name=search_term_string\"}],\"inLanguage\":\"de-DE\"}]}<\/script>\n<!-- \/ Yoast SEO plugin. -->","yoast_head_json":{"title":"Die routen - Interreg","description":"Ausgehend vom h\u00f6chsten Punkt, dem 2.300 Meter hohen Pass San Giacomo, gibt es viele Wege zu gehen","robots":{"index":"index","follow":"follow","max-snippet":"max-snippet:-1","max-image-preview":"max-image-preview:large","max-video-preview":"max-video-preview:-1"},"canonical":"http:\/\/www.laghimontibikeinterreg.it\/de\/die-routen\/","og_locale":"de_DE","og_type":"article","og_title":"Die routen","og_description":"Ausgehend vom h\u00f6chsten Punkt, dem 2.300 Meter hohen Pass San Giacomo, gibt es viele Wege zu gehen","og_url":"http:\/\/www.laghimontibikeinterreg.it\/de\/die-routen\/","og_site_name":"Interreg","article_modified_time":"2022-12-12T10:07:39+00:00","og_image":[{"width":2000,"height":1333,"url":"http:\/\/www.laghimontibikeinterreg.it\/wp-content\/uploads\/2022\/10\/211010_sartori_3243_mod-percorsi.jpg","type":"image\/jpeg"}],"twitter_card":"summary_large_image","twitter_title":"Die routen","twitter_description":"Ausgehend vom h\u00f6chsten Punkt, dem 2.300 Meter hohen Pass San Giacomo, gibt es viele Wege zu gehen","twitter_image":"http:\/\/www.laghimontibikeinterreg.it\/wp-content\/uploads\/2022\/10\/211010_sartori_3243_mod-percorsi.jpg","twitter_misc":{"Gesch\u00e4tzte Lesezeit":"2 Minuten"},"schema":{"@context":"https:\/\/schema.org","@graph":[{"@type":"WebPage","@id":"http:\/\/www.laghimontibikeinterreg.it\/de\/die-routen\/","url":"http:\/\/www.laghimontibikeinterreg.it\/de\/die-routen\/","name":"Die routen - Interreg","isPartOf":{"@id":"http:\/\/www.laghimontibikeinterreg.it\/de\/#website"},"datePublished":"2022-10-11T08:31:06+00:00","dateModified":"2022-12-12T10:07:39+00:00","description":"Ausgehend vom h\u00f6chsten Punkt, dem 2.300 Meter hohen Pass San Giacomo, gibt es viele Wege zu gehen","inLanguage":"de-DE","potentialAction":[{"@type":"ReadAction","target":["http:\/\/www.laghimontibikeinterreg.it\/de\/die-routen\/"]}]},{"@type":"WebSite","@id":"http:\/\/www.laghimontibikeinterreg.it\/de\/#website","url":"http:\/\/www.laghimontibikeinterreg.it\/de\/","name":"Interreg","description":"","potentialAction":[{"@type":"SearchAction","target":{"@type":"EntryPoint","urlTemplate":"http:\/\/www.laghimontibikeinterreg.it\/de\/?s={search_term_string}"},"query-input":"required name=search_term_string"}],"inLanguage":"de-DE"}]}},"_links":{"self":[{"href":"http:\/\/www.laghimontibikeinterreg.it\/de\/wp-json\/wp\/v2\/pages\/491"}],"collection":[{"href":"http:\/\/www.laghimontibikeinterreg.it\/de\/wp-json\/wp\/v2\/pages"}],"about":[{"href":"http:\/\/www.laghimontibikeinterreg.it\/de\/wp-json\/wp\/v2\/types\/page"}],"author":[{"embeddable":true,"href":"http:\/\/www.laghimontibikeinterreg.it\/de\/wp-json\/wp\/v2\/users\/1"}],"replies":[{"embeddable":true,"href":"http:\/\/www.laghimontibikeinterreg.it\/de\/wp-json\/wp\/v2\/comments?post=491"}],"version-history":[{"count":8,"href":"http:\/\/www.laghimontibikeinterreg.it\/de\/wp-json\/wp\/v2\/pages\/491\/revisions"}],"predecessor-version":[{"id":584,"href":"http:\/\/www.laghimontibikeinterreg.it\/de\/wp-json\/wp\/v2\/pages\/491\/revisions\/584"}],"wp:featuredmedia":[{"embeddable":true,"href":"http:\/\/www.laghimontibikeinterreg.it\/de\/wp-json\/wp\/v2\/media\/366"}],"wp:attachment":[{"href":"http:\/\/www.laghimontibikeinterreg.it\/de\/wp-json\/wp\/v2\/media?parent=491"}],"curies":[{"name":"wp","href":"https:\/\/api.w.org\/{rel}","templated":true}]}}