{"id":478,"date":"2022-10-11T10:30:52","date_gmt":"2022-10-11T08:30:52","guid":{"rendered":"http:\/\/www.laghimontibikeinterreg.it\/?page_id=478"},"modified":"2022-12-07T15:00:23","modified_gmt":"2022-12-07T14:00:23","slug":"nachhaltigkeit","status":"publish","type":"page","link":"http:\/\/www.laghimontibikeinterreg.it\/de\/nachhaltigkeit\/","title":{"rendered":"Nachhaltigkeit"},"content":{"rendered":"<p>Das Projekt entstand aus der Notwendigkeit, einen nachhaltigeren Tourismus zu entwickeln der, Traditionen, Geschichte, Kultur und Innovation in einer einzigen Route vereint. Der Fahrradtourismus, sowohl als Freizeitaktivit\u00e4t als auch als Sportaktivit\u00e4t, f\u00f6rdert den Kontakt mit dem Gebiet und seinen Reicht\u00fcmern und respektiert der Umwelt und der lokalen Gemeinschaften. Dar\u00fcber hinaus bieten Fahrr\u00e4der mit Tretunterst\u00fctzung eine einfache M\u00f6glichkeit, sich fortzubewegen, den CO2-Fu\u00dfabdruck zu verringern und die Umweltverschmutzung zu reduzieren. Der vielleicht gr\u00f6\u00dfte Vorteil von E-bike ist die Reduzierung der CO2-Emissionen. Es ist klar, dass die Treibhausgasemissionen von E-Bikes viel geringer sind als die von normalen Autos mit Verbrennungsmotor, aber auch von Elektroautos. Eine Studie der European Cyclists Federation besagt, dass Fahrr\u00e4der mit Tretunterst\u00fctzung pro Kilometer viel weniger Kohlendioxid aussto\u00dfen als Elektroautos: etwa 1,5\/3 Gramm pro Kilometer im Vergleich zu etwa 90 g\/km.<br \/>\nEs ist keine neue Entdeckung, dass der gr\u00f6\u00dfte Einfluss, den der Mensch auf die Abschw\u00e4chung des Klimawandels haben kann, genau darin besteht, die globalen Kohlenstoffemissionen reduziert. Mit der Zunahme des Tourismus k\u00f6nnen E-Bikes die negativen Umweltauswirkungen des Reiseverkehrs erheblich einschr\u00e4nken. <\/p>\n","protected":false},"excerpt":{"rendered":"<p>Das Projekt entstand aus der Notwendigkeit, einen nachhaltigeren Tourismus zu entwickeln der, Traditionen, Geschichte, Kultur und Innovation in einer einzigen Route vereint. Der Fahrradtourismus, sowohl als Freizeitaktivit\u00e4t als auch als Sportaktivit\u00e4t, f\u00f6rdert den Kontakt mit dem Gebiet und seinen Reicht\u00fcmern und respektiert der Umwelt und der lokalen Gemeinschaften. Dar\u00fcber hinaus bieten Fahrr\u00e4der mit Tretunterst\u00fctzung eine &hellip; <a href=\"http:\/\/www.laghimontibikeinterreg.it\/de\/nachhaltigkeit\/\">Weiter<\/a><\/p>\n","protected":false},"author":1,"featured_media":360,"parent":0,"menu_order":0,"comment_status":"closed","ping_status":"closed","template":"template-sustainability.php","meta":[],"acf":[],"yoast_head":"<!-- This site is optimized with the Yoast SEO plugin v20.4 - https:\/\/yoast.com\/wordpress\/plugins\/seo\/ -->\n<title>Nachhaltigkeit - Interreg<\/title>\n<meta name=\"description\" content=\"Das Projekt entstand aus der Notwendigkeit, einen nachhaltigeren Tourismus zu entwickeln der, Traditionen, Geschichte, Kultur und Innovation in einer einzigen Route vereint.\" \/>\n<meta name=\"robots\" content=\"index, follow, max-snippet:-1, max-image-preview:large, max-video-preview:-1\" \/>\n<link rel=\"canonical\" href=\"http:\/\/www.laghimontibikeinterreg.it\/de\/nachhaltigkeit\/\" \/>\n<meta property=\"og:locale\" content=\"de_DE\" \/>\n<meta property=\"og:type\" content=\"article\" \/>\n<meta property=\"og:title\" content=\"Nachhaltigkeit\" \/>\n<meta property=\"og:description\" content=\"Das Projekt entstand aus der Notwendigkeit, einen nachhaltigeren Tourismus zu entwickeln der, Traditionen, Geschichte, Kultur und Innovation in einer einzigen Route vereint.\" \/>\n<meta property=\"og:url\" content=\"http:\/\/www.laghimontibikeinterreg.it\/de\/nachhaltigkeit\/\" \/>\n<meta property=\"og:site_name\" content=\"Interreg\" \/>\n<meta property=\"article:modified_time\" content=\"2022-12-07T14:00:23+00:00\" \/>\n<meta property=\"og:image\" content=\"http:\/\/www.laghimontibikeinterreg.it\/wp-content\/uploads\/2022\/10\/210503_sartori_00192_mod-sostenibilita.jpg\" \/>\n\t<meta property=\"og:image:width\" content=\"2000\" \/>\n\t<meta property=\"og:image:height\" content=\"1500\" \/>\n\t<meta property=\"og:image:type\" content=\"image\/jpeg\" \/>\n<meta name=\"twitter:card\" content=\"summary_large_image\" \/>\n<meta name=\"twitter:title\" content=\"Nachhaltigkeit\" \/>\n<meta name=\"twitter:description\" content=\"Das Projekt entstand aus der Notwendigkeit, einen nachhaltigeren Tourismus zu entwickeln der, Traditionen, Geschichte, Kultur und Innovation in einer einzigen Route vereint.\" \/>\n<meta name=\"twitter:image\" content=\"http:\/\/www.laghimontibikeinterreg.it\/wp-content\/uploads\/2022\/10\/210503_sartori_00192_mod-sostenibilita.jpg\" \/>\n<meta name=\"twitter:label1\" content=\"Gesch\u00e4tzte Lesezeit\" \/>\n\t<meta name=\"twitter:data1\" content=\"1 Minute\" \/>\n<script type=\"application\/ld+json\" class=\"yoast-schema-graph\">{\"@context\":\"https:\/\/schema.org\",\"@graph\":[{\"@type\":\"WebPage\",\"@id\":\"http:\/\/www.laghimontibikeinterreg.it\/de\/nachhaltigkeit\/\",\"url\":\"http:\/\/www.laghimontibikeinterreg.it\/de\/nachhaltigkeit\/\",\"name\":\"Nachhaltigkeit - Interreg\",\"isPartOf\":{\"@id\":\"http:\/\/www.laghimontibikeinterreg.it\/de\/#website\"},\"datePublished\":\"2022-10-11T08:30:52+00:00\",\"dateModified\":\"2022-12-07T14:00:23+00:00\",\"description\":\"Das Projekt entstand aus der Notwendigkeit, einen nachhaltigeren Tourismus zu entwickeln der, Traditionen, Geschichte, Kultur und Innovation in einer einzigen Route vereint.\",\"inLanguage\":\"de-DE\",\"potentialAction\":[{\"@type\":\"ReadAction\",\"target\":[\"http:\/\/www.laghimontibikeinterreg.it\/de\/nachhaltigkeit\/\"]}]},{\"@type\":\"WebSite\",\"@id\":\"http:\/\/www.laghimontibikeinterreg.it\/de\/#website\",\"url\":\"http:\/\/www.laghimontibikeinterreg.it\/de\/\",\"name\":\"Interreg\",\"description\":\"\",\"potentialAction\":[{\"@type\":\"SearchAction\",\"target\":{\"@type\":\"EntryPoint\",\"urlTemplate\":\"http:\/\/www.laghimontibikeinterreg.it\/de\/?s={search_term_string}\"},\"query-input\":\"required name=search_term_string\"}],\"inLanguage\":\"de-DE\"}]}<\/script>\n<!-- \/ Yoast SEO plugin. -->","yoast_head_json":{"title":"Nachhaltigkeit - Interreg","description":"Das Projekt entstand aus der Notwendigkeit, einen nachhaltigeren Tourismus zu entwickeln der, Traditionen, Geschichte, Kultur und Innovation in einer einzigen Route vereint.","robots":{"index":"index","follow":"follow","max-snippet":"max-snippet:-1","max-image-preview":"max-image-preview:large","max-video-preview":"max-video-preview:-1"},"canonical":"http:\/\/www.laghimontibikeinterreg.it\/de\/nachhaltigkeit\/","og_locale":"de_DE","og_type":"article","og_title":"Nachhaltigkeit","og_description":"Das Projekt entstand aus der Notwendigkeit, einen nachhaltigeren Tourismus zu entwickeln der, Traditionen, Geschichte, Kultur und Innovation in einer einzigen Route vereint.","og_url":"http:\/\/www.laghimontibikeinterreg.it\/de\/nachhaltigkeit\/","og_site_name":"Interreg","article_modified_time":"2022-12-07T14:00:23+00:00","og_image":[{"width":2000,"height":1500,"url":"http:\/\/www.laghimontibikeinterreg.it\/wp-content\/uploads\/2022\/10\/210503_sartori_00192_mod-sostenibilita.jpg","type":"image\/jpeg"}],"twitter_card":"summary_large_image","twitter_title":"Nachhaltigkeit","twitter_description":"Das Projekt entstand aus der Notwendigkeit, einen nachhaltigeren Tourismus zu entwickeln der, Traditionen, Geschichte, Kultur und Innovation in einer einzigen Route vereint.","twitter_image":"http:\/\/www.laghimontibikeinterreg.it\/wp-content\/uploads\/2022\/10\/210503_sartori_00192_mod-sostenibilita.jpg","twitter_misc":{"Gesch\u00e4tzte Lesezeit":"1 Minute"},"schema":{"@context":"https:\/\/schema.org","@graph":[{"@type":"WebPage","@id":"http:\/\/www.laghimontibikeinterreg.it\/de\/nachhaltigkeit\/","url":"http:\/\/www.laghimontibikeinterreg.it\/de\/nachhaltigkeit\/","name":"Nachhaltigkeit - Interreg","isPartOf":{"@id":"http:\/\/www.laghimontibikeinterreg.it\/de\/#website"},"datePublished":"2022-10-11T08:30:52+00:00","dateModified":"2022-12-07T14:00:23+00:00","description":"Das Projekt entstand aus der Notwendigkeit, einen nachhaltigeren Tourismus zu entwickeln der, Traditionen, Geschichte, Kultur und Innovation in einer einzigen Route vereint.","inLanguage":"de-DE","potentialAction":[{"@type":"ReadAction","target":["http:\/\/www.laghimontibikeinterreg.it\/de\/nachhaltigkeit\/"]}]},{"@type":"WebSite","@id":"http:\/\/www.laghimontibikeinterreg.it\/de\/#website","url":"http:\/\/www.laghimontibikeinterreg.it\/de\/","name":"Interreg","description":"","potentialAction":[{"@type":"SearchAction","target":{"@type":"EntryPoint","urlTemplate":"http:\/\/www.laghimontibikeinterreg.it\/de\/?s={search_term_string}"},"query-input":"required name=search_term_string"}],"inLanguage":"de-DE"}]}},"_links":{"self":[{"href":"http:\/\/www.laghimontibikeinterreg.it\/de\/wp-json\/wp\/v2\/pages\/478"}],"collection":[{"href":"http:\/\/www.laghimontibikeinterreg.it\/de\/wp-json\/wp\/v2\/pages"}],"about":[{"href":"http:\/\/www.laghimontibikeinterreg.it\/de\/wp-json\/wp\/v2\/types\/page"}],"author":[{"embeddable":true,"href":"http:\/\/www.laghimontibikeinterreg.it\/de\/wp-json\/wp\/v2\/users\/1"}],"replies":[{"embeddable":true,"href":"http:\/\/www.laghimontibikeinterreg.it\/de\/wp-json\/wp\/v2\/comments?post=478"}],"version-history":[{"count":5,"href":"http:\/\/www.laghimontibikeinterreg.it\/de\/wp-json\/wp\/v2\/pages\/478\/revisions"}],"predecessor-version":[{"id":546,"href":"http:\/\/www.laghimontibikeinterreg.it\/de\/wp-json\/wp\/v2\/pages\/478\/revisions\/546"}],"wp:featuredmedia":[{"embeddable":true,"href":"http:\/\/www.laghimontibikeinterreg.it\/de\/wp-json\/wp\/v2\/media\/360"}],"wp:attachment":[{"href":"http:\/\/www.laghimontibikeinterreg.it\/de\/wp-json\/wp\/v2\/media?parent=478"}],"curies":[{"name":"wp","href":"https:\/\/api.w.org\/{rel}","templated":true}]}}